{"id":622,"date":"2026-03-30T18:18:06","date_gmt":"2026-03-30T16:18:06","guid":{"rendered":"https:\/\/locohdl.synology.me\/wordpress\/?page_id=622"},"modified":"2026-03-30T18:18:08","modified_gmt":"2026-03-30T16:18:08","slug":"politique-de-confidentialite","status":"publish","type":"page","link":"https:\/\/locohdl.synology.me\/wordpress\/fr\/politique-de-confidentialite\/","title":{"rendered":"Politique de confidentialit\u00e9"},"content":{"rendered":"\n<p><strong>G\u00e9n\u00e9ral<\/strong><\/p>\n\n\n\n<p>Il s&#8217;agit du site Internet de LocoHDL situ\u00e9 \u00e0 l&#8217;adresse suivante : Egenhovenstraat 92, 3060 Bertem Belgique.<br>LocoHDL attache une grande importance \u00e0 la protection de vos donn\u00e9es personnelles et au respect de votre vie priv\u00e9e.<br>Dans cette d\u00e9claration de confidentialit\u00e9, nous souhaitons fournir des informations claires et transparentes sur les donn\u00e9es que nous collectons et la mani\u00e8re dont nous traitons les donn\u00e9es personnelles. Nous mettons tout en \u0153uvre pour garantir votre vie priv\u00e9e et traitons donc les donn\u00e9es personnelles avec soin.<br>LocoHDL respecte dans tous les cas les lois et r\u00e9glementations applicables, y compris les R\u00e8glement g\u00e9n\u00e9ral sur la protection des donn\u00e9es (RGPD : R\u00e8glement g\u00e9n\u00e9ral sur la protection des donn\u00e9es) &#8211; entr\u00e9 en vigueur le 25 mai 2018.<br>Cela signifie que nous en tout cas :<br>\u2022 traiter vos donn\u00e9es personnelles conform\u00e9ment \u00e0 la finalit\u00e9 pour laquelle elles ont \u00e9t\u00e9 fournies, ces finalit\u00e9s et types de donn\u00e9es personnelles sont d\u00e9crits dans la pr\u00e9sente d\u00e9claration de confidentialit\u00e9.<br>\u2022 le traitement de vos donn\u00e9es personnelles est limit\u00e9 aux seules donn\u00e9es qui sont minimalement n\u00e9cessaires aux fins pour lesquelles elles sont trait\u00e9es.<br>\u2022 demander votre consentement explicite si nous en avons besoin pour le traitement de vos Donn\u00e9es Personnelles.<br>\u2022 avoir pris les mesures techniques et organisationnelles appropri\u00e9es pour assurer la s\u00e9curit\u00e9 de vos donn\u00e9es personnelles.<br>\u2022 ne pas transmettre de donn\u00e9es personnelles \u00e0 d&#8217;autres parties, sauf si cela est n\u00e9cessaire \u00e0 la mise en \u0153uvre des finalit\u00e9s pour lesquelles elles ont \u00e9t\u00e9 fournies. \u2022 connaissent vos droits concernant vos donn\u00e9es personnelles, souhaitent vous les signaler et les respecter.<\/p>\n\n\n\n<p><strong>D\u00e9claration de confidentialit\u00e9<\/strong><\/p>\n\n\n\n<p>LocoHDL est responsable du traitement de vos donn\u00e9es personnelles. Si, apr\u00e8s avoir lu notre d\u00e9claration de confidentialit\u00e9, ou de mani\u00e8re plus g\u00e9n\u00e9rale, vous avez des questions \u00e0 ce sujet ou souhaitez nous contacter, vous pouvez le faire via les coordonn\u00e9es ci-dessous :<br>\u2022 Par voie postale : \u00e0 l&#8217;adresse indiqu\u00e9e ci-dessus.<br>\u2022 Par e-mail : info@loohdl.be<\/p>\n\n\n\n<p><strong>Pourquoi traitons-nous des donn\u00e9es personnelles ?<\/strong><\/p>\n\n\n\n<p>Vos donn\u00e9es personnelles seront trait\u00e9es par LocoHDL aux fins et motifs juridiques suivants :<br>\u2022 Pour assurer les exp\u00e9ditions de marchandises.<br>\u2022 Assurer la correspondance ou le courrier \u00e9lectronique.<\/p>\n\n\n\n<p>Aux fins ci-dessus, nous pouvons demander et collecter, stocker et traiter les donn\u00e9es personnelles suivantes vous concernant :<br>\u2022 Donn\u00e9es personnelles d&#8217;identit\u00e9 (nom, pr\u00e9nom, nationalit\u00e9)<br>\u2022 Coordonn\u00e9es (adresse, code postal, ville, num\u00e9ros de t\u00e9l\u00e9phone, adresses e-mail)<br>\u2022 Donn\u00e9es financi\u00e8res (num\u00e9ro de compte, situation financi\u00e8re) <\/p>\n\n\n\n<p>Nous n&#8217;utilisons les donn\u00e9es collect\u00e9es qu&#8217;aux fins pour lesquelles nous avons obtenu les donn\u00e9es.<\/p>\n\n\n\n<p><strong>Mise \u00e0 disposition \u00e0 des tiers<\/strong><\/p>\n\n\n\n<p>Nous pouvons fournir les donn\u00e9es que vous nous fournissez au sous-traitant si cela est n\u00e9cessaire \u00e0 la mise en \u0153uvre des finalit\u00e9s d\u00e9crites ci-dessus.<br>Par exemple, nous utilisons un tiers pour :<br>\u2022 prendre soin de l&#8217;environnement internet (h\u00e9bergement web).<br>\u2022 prendre en charge l&#8217;infrastructure informatique (y compris le r\u00e9seau informatique, etc.).<br>\u2022 prendre en charge (et distribuer) la correspondance.<\/p>\n\n\n\n<p>Nous passons bien entendu les accords n\u00e9cessaires avec ces parties (sous-traitants) pour garantir la s\u00e9curit\u00e9 de vos donn\u00e9es personnelles.<br>De plus, nous ne transmettrons pas les informations que vous fournissez \u00e0 des tiers, sauf si cela est l\u00e9galement requis et autoris\u00e9.<\/p>\n\n\n\n<p><strong>Plaintes<\/strong><\/p>\n\n\n\n<p>Si vous avez une r\u00e9clamation concernant le traitement de vos donn\u00e9es personnelles, nous vous demandons de nous contacter imm\u00e9diatement. Vous avez toujours le droit de d\u00e9poser une plainte aupr\u00e8s de la Commission de la protection de la vie priv\u00e9e \/ Autorit\u00e9 de protection des donn\u00e9es personnelles, il s&#8217;agit de l&#8217;autorit\u00e9 de contr\u00f4le dans le domaine de la protection de la vie priv\u00e9e.<\/p>\n\n\n\n<p><strong>Avertissement<\/strong><\/p>\n\n\n\n<p>Le site Web LocoHDL est destin\u00e9 \u00e0 vous fournir des informations sur LocoHDL. LocoHDL essaie toujours de maintenir les informations propos\u00e9es \u00e0 jour. Malgr\u00e9 le plus grand soin que nous apportons \u00e0 maintenir, compl\u00e9ter et am\u00e9liorer ces informations, il est possible que certaines donn\u00e9es changent brutalement (que ce soit sous notre contr\u00f4le ou non), ou que des informations incorrectes ou incompl\u00e8tes aient \u00e9chapp\u00e9 \u00e0 notre attention. Nous vous recommandons de nous contacter en cas de doute ou d&#8217;incertitude. Nous serons alors heureux de lever l&#8217;ambigu\u00eft\u00e9 et d&#8217;ajuster notre site Web si n\u00e9cessaire. LocoHDL fait de son mieux pour afficher les changements le plus rapidement possible sur notre site Web, afin que vous obteniez toujours les informations correctes. Si les informations sont incorrectes, nous vous demandons votre compr\u00e9hension. LocoHDL n&#8217;a aucun contr\u00f4le et n&#8217;est pas responsable du contenu des autres sites Web li\u00e9s. Bien que ce site Web soit entretenu avec le plus grand soin, LocoHDL n&#8217;est pas responsable des dommages directs ou indirects subis du fait d&#8217;informations incorrectes ou incompl\u00e8tes ou des informations contenues dans les pages externes auxquelles il est fait r\u00e9f\u00e9rence. Sauf mention expresse contraire, les textes r\u00e9dig\u00e9s par LocoHDL peuvent \u00eatre copi\u00e9s, \u00e0 condition que leur origine soit clairement et visiblement indiqu\u00e9e. En utilisant vous-m\u00eame ce site Web, vous acceptez les conditions d&#8217;utilisation \u00e9num\u00e9r\u00e9es ci-dessus.<\/p>\n","protected":false},"excerpt":{"rendered":"<p>G\u00e9n\u00e9ral Il s&#8217;agit du site Internet de LocoHDL situ\u00e9 \u00e0 l&#8217;adresse suivante : Egenhovenstraat 92, 3060 Bertem Belgique.LocoHDL attache une grande importance \u00e0 la protection de vos donn\u00e9es personnelles et au respect de votre vie priv\u00e9e.Dans cette d\u00e9claration de confidentialit\u00e9, nous souhaitons fournir des informations claires et transparentes sur les donn\u00e9es que nous collectons et [&hellip;]<\/p>\n","protected":false},"author":1,"featured_media":0,"parent":0,"menu_order":0,"comment_status":"closed","ping_status":"closed","template":"","meta":{"footnotes":""},"class_list":["post-622","page","type-page","status-publish","hentry"],"_links":{"self":[{"href":"https:\/\/locohdl.synology.me\/wordpress\/wp-json\/wp\/v2\/pages\/622","targetHints":{"allow":["GET"]}}],"collection":[{"href":"https:\/\/locohdl.synology.me\/wordpress\/wp-json\/wp\/v2\/pages"}],"about":[{"href":"https:\/\/locohdl.synology.me\/wordpress\/wp-json\/wp\/v2\/types\/page"}],"author":[{"embeddable":true,"href":"https:\/\/locohdl.synology.me\/wordpress\/wp-json\/wp\/v2\/users\/1"}],"replies":[{"embeddable":true,"href":"https:\/\/locohdl.synology.me\/wordpress\/wp-json\/wp\/v2\/comments?post=622"}],"version-history":[{"count":1,"href":"https:\/\/locohdl.synology.me\/wordpress\/wp-json\/wp\/v2\/pages\/622\/revisions"}],"predecessor-version":[{"id":623,"href":"https:\/\/locohdl.synology.me\/wordpress\/wp-json\/wp\/v2\/pages\/622\/revisions\/623"}],"wp:attachment":[{"href":"https:\/\/locohdl.synology.me\/wordpress\/wp-json\/wp\/v2\/media?parent=622"}],"curies":[{"name":"wp","href":"https:\/\/api.w.org\/{rel}","templated":true}]}}