{"id":1116,"date":"2024-02-08T18:03:01","date_gmt":"2024-02-08T17:03:01","guid":{"rendered":"https:\/\/locohdl.synology.me\/wordpress\/?post_type=product&#038;p=1116"},"modified":"2024-02-08T18:03:05","modified_gmt":"2024-02-08T17:03:05","slug":"hdm02-dcc-servo-funktion-decoder","status":"publish","type":"product","link":"https:\/\/locohdl.synology.me\/wordpress\/de\/product\/hdm02-dcc-servo-funktion-decoder\/","title":{"rendered":"HDM02 DCC Servo Funktion decoder"},"content":{"rendered":"","protected":false},"excerpt":{"rendered":"<p><span class=\"style9\"><span style=\"color: #990000;\">DCC Servo Funktion decoder<\/span><\/span><span style=\"color: #990000;\"><span class=\"style6\"><strong><br \/>\n<\/strong><\/span><\/span>Lokomotiven bis zu Adresse 9999. Steuerung der Ausg\u00e4nge ausw\u00e4hlbar zwischen F0 und F28.<br \/>\nSelection between 2 independent exits of function and 2 Analog Servo outputs.<br \/>\n2 Ports k\u00f6nnen individuell als normal oder blinkend ausgew\u00e4hlt werden. Blinken Geschwindigkeit ausw\u00e4hlbar. Selektion von activen Funktionen in analog.<br \/>\nMax. 500mA f\u00fcr jede Pforte mit Gesamt Max. 800mA. PCB 14mm x 23mm.<\/p>\n","protected":false},"featured_media":1117,"template":"","meta":[],"product_brand":[],"product_cat":[56],"product_tag":[],"class_list":{"0":"post-1116","1":"product","2":"type-product","3":"status-publish","4":"has-post-thumbnail","6":"product_cat-zubehoer","8":"first","9":"instock","10":"shipping-taxable","11":"purchasable","12":"product-type-simple"},"_links":{"self":[{"href":"https:\/\/locohdl.synology.me\/wordpress\/wp-json\/wp\/v2\/product\/1116","targetHints":{"allow":["GET"]}}],"collection":[{"href":"https:\/\/locohdl.synology.me\/wordpress\/wp-json\/wp\/v2\/product"}],"about":[{"href":"https:\/\/locohdl.synology.me\/wordpress\/wp-json\/wp\/v2\/types\/product"}],"wp:featuredmedia":[{"embeddable":true,"href":"https:\/\/locohdl.synology.me\/wordpress\/wp-json\/wp\/v2\/media\/1117"}],"wp:attachment":[{"href":"https:\/\/locohdl.synology.me\/wordpress\/wp-json\/wp\/v2\/media?parent=1116"}],"wp:term":[{"taxonomy":"product_brand","embeddable":true,"href":"https:\/\/locohdl.synology.me\/wordpress\/wp-json\/wp\/v2\/product_brand?post=1116"},{"taxonomy":"product_cat","embeddable":true,"href":"https:\/\/locohdl.synology.me\/wordpress\/wp-json\/wp\/v2\/product_cat?post=1116"},{"taxonomy":"product_tag","embeddable":true,"href":"https:\/\/locohdl.synology.me\/wordpress\/wp-json\/wp\/v2\/product_tag?post=1116"}],"curies":[{"name":"wp","href":"https:\/\/api.w.org\/{rel}","templated":true}]}}