{"id":1118,"date":"2024-02-08T18:04:04","date_gmt":"2024-02-08T17:04:04","guid":{"rendered":"https:\/\/locohdl.synology.me\/wordpress\/?post_type=product&#038;p=1118"},"modified":"2024-02-08T18:04:07","modified_gmt":"2024-02-08T17:04:07","slug":"hdm02-dcc-servo-decodeur-de-fonction","status":"publish","type":"product","link":"https:\/\/locohdl.synology.me\/wordpress\/fr\/product\/hdm02-dcc-servo-decodeur-de-fonction\/","title":{"rendered":"HDM02 DCC Servo d\u00e9codeur de fonction"},"content":{"rendered":"","protected":false},"excerpt":{"rendered":"<p><span class=\"style7\"><span style=\"color: #990000;\"><strong>DCC Servo d\u00e9codeur de fonction<\/strong><\/span><\/span><span style=\"color: #990000;\"><span class=\"style6\"><strong><br \/>\n<\/strong><\/span><\/span>Locomotives jusqu&#8217;\u00e0 l&#8217;adresse 9999. Commande des sorties s\u00e9lectionnables entre F0 et F28.<br \/>\nChoix entre 2 sorties ind\u00e9pendantes de fonction et 2 Analogue Servo sorties.<br \/>\n2 ports peuvent s\u00e9lectionner individuellement comme normal ou clignotant. Clignotement fr\u00e9quent s\u00e9lectionnable. Choix des fonctions actives dans l&#8217;analogue.<br \/>\nMax. 500mA pour chaque porte avec une Max. de 800mA. PCB 14mm x 23mm.<\/p>\n","protected":false},"featured_media":1119,"template":"","meta":[],"product_brand":[],"product_cat":[58],"product_tag":[],"class_list":{"0":"post-1118","1":"product","2":"type-product","3":"status-publish","4":"has-post-thumbnail","6":"product_cat-accessoires","8":"first","9":"instock","10":"shipping-taxable","11":"purchasable","12":"product-type-simple"},"_links":{"self":[{"href":"https:\/\/locohdl.synology.me\/wordpress\/wp-json\/wp\/v2\/product\/1118","targetHints":{"allow":["GET"]}}],"collection":[{"href":"https:\/\/locohdl.synology.me\/wordpress\/wp-json\/wp\/v2\/product"}],"about":[{"href":"https:\/\/locohdl.synology.me\/wordpress\/wp-json\/wp\/v2\/types\/product"}],"wp:featuredmedia":[{"embeddable":true,"href":"https:\/\/locohdl.synology.me\/wordpress\/wp-json\/wp\/v2\/media\/1119"}],"wp:attachment":[{"href":"https:\/\/locohdl.synology.me\/wordpress\/wp-json\/wp\/v2\/media?parent=1118"}],"wp:term":[{"taxonomy":"product_brand","embeddable":true,"href":"https:\/\/locohdl.synology.me\/wordpress\/wp-json\/wp\/v2\/product_brand?post=1118"},{"taxonomy":"product_cat","embeddable":true,"href":"https:\/\/locohdl.synology.me\/wordpress\/wp-json\/wp\/v2\/product_cat?post=1118"},{"taxonomy":"product_tag","embeddable":true,"href":"https:\/\/locohdl.synology.me\/wordpress\/wp-json\/wp\/v2\/product_tag?post=1118"}],"curies":[{"name":"wp","href":"https:\/\/api.w.org\/{rel}","templated":true}]}}