{"id":1124,"date":"2024-02-08T18:29:24","date_gmt":"2024-02-08T17:29:24","guid":{"rendered":"https:\/\/locohdl.synology.me\/wordpress\/?post_type=product&#038;p=1124"},"modified":"2026-02-22T19:21:14","modified_gmt":"2026-02-22T18:21:14","slug":"hdm01c-dcc-funktion-decoder","status":"publish","type":"product","link":"https:\/\/locohdl.synology.me\/wordpress\/de\/product\/hdm01c-dcc-funktion-decoder\/","title":{"rendered":"HDM01C DCC Funktion decoder"},"content":{"rendered":"","protected":false},"excerpt":{"rendered":"<p><span class=\"style9\"><span style=\"color: #990000;\">DCC Funktion decoder<\/span><\/span><span class=\"style6\"><br \/>\n<\/span>Lokomotiven bis zu Adresse 9999. Steuerung der Ausg\u00e4nge ausw\u00e4hlbar zwischen F0 und F28.<br \/>\nSelektion zwischen 4 unabh\u00e4ngigen Ausg\u00e4ngen der Funktion oder innere Ablichtung mit Leuchtstoff Lichteffekt.<br \/>\nDie 4 Ports k\u00f6nnen einzeln ausgew\u00e4hlt werden. Blinken Geschwindigkeit ausw\u00e4hlbar. Auswahl aktiver Funktionen analog.<br \/>\nMax. 500mA f\u00fcr jede Pforte mit Gesamt Max. 800mA. PCB 14mm x 23mm.<\/p>\n","protected":false},"featured_media":1125,"template":"","meta":[],"product_brand":[],"product_cat":[56],"product_tag":[],"class_list":{"0":"post-1124","1":"product","2":"type-product","3":"status-publish","4":"has-post-thumbnail","6":"product_cat-zubehoer","8":"first","9":"instock","10":"shipping-taxable","11":"purchasable","12":"product-type-simple"},"_links":{"self":[{"href":"https:\/\/locohdl.synology.me\/wordpress\/wp-json\/wp\/v2\/product\/1124","targetHints":{"allow":["GET"]}}],"collection":[{"href":"https:\/\/locohdl.synology.me\/wordpress\/wp-json\/wp\/v2\/product"}],"about":[{"href":"https:\/\/locohdl.synology.me\/wordpress\/wp-json\/wp\/v2\/types\/product"}],"wp:featuredmedia":[{"embeddable":true,"href":"https:\/\/locohdl.synology.me\/wordpress\/wp-json\/wp\/v2\/media\/1125"}],"wp:attachment":[{"href":"https:\/\/locohdl.synology.me\/wordpress\/wp-json\/wp\/v2\/media?parent=1124"}],"wp:term":[{"taxonomy":"product_brand","embeddable":true,"href":"https:\/\/locohdl.synology.me\/wordpress\/wp-json\/wp\/v2\/product_brand?post=1124"},{"taxonomy":"product_cat","embeddable":true,"href":"https:\/\/locohdl.synology.me\/wordpress\/wp-json\/wp\/v2\/product_cat?post=1124"},{"taxonomy":"product_tag","embeddable":true,"href":"https:\/\/locohdl.synology.me\/wordpress\/wp-json\/wp\/v2\/product_tag?post=1124"}],"curies":[{"name":"wp","href":"https:\/\/api.w.org\/{rel}","templated":true}]}}