{"id":1126,"date":"2024-02-08T18:30:32","date_gmt":"2024-02-08T17:30:32","guid":{"rendered":"https:\/\/locohdl.synology.me\/wordpress\/?post_type=product&#038;p=1126"},"modified":"2025-02-11T11:48:26","modified_gmt":"2025-02-11T10:48:26","slug":"hdm01c-dcc-decodeur-de-fonction","status":"publish","type":"product","link":"https:\/\/locohdl.synology.me\/wordpress\/fr\/product\/hdm01c-dcc-decodeur-de-fonction\/","title":{"rendered":"HDM01C DCC D\u00e9codeur de fonction"},"content":{"rendered":"","protected":false},"excerpt":{"rendered":"<p><span class=\"style6\"><span class=\"style7\"><span style=\"color: #990000;\">D\u00e9codeur de fonction DCC<\/span><\/span><br \/>\n<\/span>Locomotives jusqu&#8217;\u00e0 l&#8217;adresse 9999. Commande des sorties s\u00e9lectionnables entre F0 et F28.<br \/>\nChoix entre 4 sorties ind\u00e9pendantes de fonction ou illumination int\u00e9rieure avec l&#8217;effet de la lumi\u00e8re fluorescent.<br \/>\n4 ports mettent en bo\u00eete induvidual choisissent. Clignotement fr\u00e9quent s\u00e9lectionnable. Choix des fonctions actives dans l&#8217;analogue.<br \/>\nMax. 500mA pour chaque porte avec une Max. de 800mA. PCB 14mm x 23mm.<\/p>\n","protected":false},"featured_media":1127,"template":"","meta":[],"product_brand":[],"product_cat":[58],"product_tag":[],"class_list":{"0":"post-1126","1":"product","2":"type-product","3":"status-publish","4":"has-post-thumbnail","6":"product_cat-accessoires","8":"first","9":"instock","10":"shipping-taxable","11":"purchasable","12":"product-type-simple"},"_links":{"self":[{"href":"https:\/\/locohdl.synology.me\/wordpress\/wp-json\/wp\/v2\/product\/1126","targetHints":{"allow":["GET"]}}],"collection":[{"href":"https:\/\/locohdl.synology.me\/wordpress\/wp-json\/wp\/v2\/product"}],"about":[{"href":"https:\/\/locohdl.synology.me\/wordpress\/wp-json\/wp\/v2\/types\/product"}],"wp:featuredmedia":[{"embeddable":true,"href":"https:\/\/locohdl.synology.me\/wordpress\/wp-json\/wp\/v2\/media\/1127"}],"wp:attachment":[{"href":"https:\/\/locohdl.synology.me\/wordpress\/wp-json\/wp\/v2\/media?parent=1126"}],"wp:term":[{"taxonomy":"product_brand","embeddable":true,"href":"https:\/\/locohdl.synology.me\/wordpress\/wp-json\/wp\/v2\/product_brand?post=1126"},{"taxonomy":"product_cat","embeddable":true,"href":"https:\/\/locohdl.synology.me\/wordpress\/wp-json\/wp\/v2\/product_cat?post=1126"},{"taxonomy":"product_tag","embeddable":true,"href":"https:\/\/locohdl.synology.me\/wordpress\/wp-json\/wp\/v2\/product_tag?post=1126"}],"curies":[{"name":"wp","href":"https:\/\/api.w.org\/{rel}","templated":true}]}}