{"id":1186,"date":"2024-06-17T17:12:33","date_gmt":"2024-06-17T15:12:33","guid":{"rendered":"https:\/\/locohdl.synology.me\/wordpress\/?post_type=product&#038;p=1186"},"modified":"2024-06-17T17:12:36","modified_gmt":"2024-06-17T15:12:36","slug":"hdm23-locotest-4","status":"publish","type":"product","link":"https:\/\/locohdl.synology.me\/wordpress\/fr\/product\/hdm23-locotest-4\/","title":{"rendered":"HDM23 LocoTest"},"content":{"rendered":"","protected":false},"excerpt":{"rendered":"<p>Le module LocoTest permet de tester les ports I\/O d&#8217;un LocoIO, LocoServo et LocoBooster.<br \/>\nLes LED servent \u00e0 tester le portail en sortie et les boutons poussoirs \u00e0 tester le portail en entr\u00e9e.<br \/>\nLe module LocoTest est \u00e9galement un bon outil pour pratiquer le programme de configuration LocoHDL et configurer les ports LocoIO.<br \/>\nVous pouvez essayer de commuter la LED d&#8217;un autre port avec le bouton poussoir d&#8217;un port.<\/p>\n","protected":false},"featured_media":1187,"template":"","meta":[],"product_brand":[],"product_cat":[32],"product_tag":[],"class_list":{"0":"post-1186","1":"product","2":"type-product","3":"status-publish","4":"has-post-thumbnail","6":"product_cat-modules-auxiliaires","8":"first","9":"instock","10":"shipping-taxable","11":"purchasable","12":"product-type-simple"},"_links":{"self":[{"href":"https:\/\/locohdl.synology.me\/wordpress\/wp-json\/wp\/v2\/product\/1186","targetHints":{"allow":["GET"]}}],"collection":[{"href":"https:\/\/locohdl.synology.me\/wordpress\/wp-json\/wp\/v2\/product"}],"about":[{"href":"https:\/\/locohdl.synology.me\/wordpress\/wp-json\/wp\/v2\/types\/product"}],"wp:featuredmedia":[{"embeddable":true,"href":"https:\/\/locohdl.synology.me\/wordpress\/wp-json\/wp\/v2\/media\/1187"}],"wp:attachment":[{"href":"https:\/\/locohdl.synology.me\/wordpress\/wp-json\/wp\/v2\/media?parent=1186"}],"wp:term":[{"taxonomy":"product_brand","embeddable":true,"href":"https:\/\/locohdl.synology.me\/wordpress\/wp-json\/wp\/v2\/product_brand?post=1186"},{"taxonomy":"product_cat","embeddable":true,"href":"https:\/\/locohdl.synology.me\/wordpress\/wp-json\/wp\/v2\/product_cat?post=1186"},{"taxonomy":"product_tag","embeddable":true,"href":"https:\/\/locohdl.synology.me\/wordpress\/wp-json\/wp\/v2\/product_tag?post=1186"}],"curies":[{"name":"wp","href":"https:\/\/api.w.org\/{rel}","templated":true}]}}