{"id":132,"date":"2021-12-03T13:33:59","date_gmt":"2021-12-03T13:33:59","guid":{"rendered":"https:\/\/locohdl.synology.me\/wordpress\/?post_type=product&#038;p=132"},"modified":"2026-02-23T10:37:43","modified_gmt":"2026-02-23T09:37:43","slug":"hdm03c-locopanel-4","status":"publish","type":"product","link":"https:\/\/locohdl.synology.me\/wordpress\/fr\/product\/hdm03c-locopanel-4\/","title":{"rendered":"HDM03C LocoPanel"},"content":{"rendered":"","protected":false},"excerpt":{"rendered":"<p>LocoPanel est un panneau de connexion pour deux contr\u00f4leurs manuels. Vous pouvez les placer sur le devant de votre voie. \u00c0 l&#8217;arri\u00e8re se trouvent deux connecteurs LocoNet pour la connexion et la distribution ult\u00e9rieure. L&#8217;ouverture pour le montage du panneau doit \u00eatre de 36 mm x 53 mm. Les contr\u00f4leurs manuels peuvent \u00eatre aliment\u00e9s par LocoNet ou par une alimentation externe.<\/p>\n","protected":false},"featured_media":133,"template":"","meta":[],"product_brand":[],"product_cat":[40],"product_tag":[],"class_list":{"0":"post-132","1":"product","2":"type-product","3":"status-publish","4":"has-post-thumbnail","6":"product_cat-loconet-modules-fr","8":"first","9":"instock","10":"shipping-taxable","11":"purchasable","12":"product-type-simple"},"_links":{"self":[{"href":"https:\/\/locohdl.synology.me\/wordpress\/wp-json\/wp\/v2\/product\/132","targetHints":{"allow":["GET"]}}],"collection":[{"href":"https:\/\/locohdl.synology.me\/wordpress\/wp-json\/wp\/v2\/product"}],"about":[{"href":"https:\/\/locohdl.synology.me\/wordpress\/wp-json\/wp\/v2\/types\/product"}],"wp:featuredmedia":[{"embeddable":true,"href":"https:\/\/locohdl.synology.me\/wordpress\/wp-json\/wp\/v2\/media\/133"}],"wp:attachment":[{"href":"https:\/\/locohdl.synology.me\/wordpress\/wp-json\/wp\/v2\/media?parent=132"}],"wp:term":[{"taxonomy":"product_brand","embeddable":true,"href":"https:\/\/locohdl.synology.me\/wordpress\/wp-json\/wp\/v2\/product_brand?post=132"},{"taxonomy":"product_cat","embeddable":true,"href":"https:\/\/locohdl.synology.me\/wordpress\/wp-json\/wp\/v2\/product_cat?post=132"},{"taxonomy":"product_tag","embeddable":true,"href":"https:\/\/locohdl.synology.me\/wordpress\/wp-json\/wp\/v2\/product_tag?post=132"}],"curies":[{"name":"wp","href":"https:\/\/api.w.org\/{rel}","templated":true}]}}