{"id":138,"date":"2021-12-03T14:21:26","date_gmt":"2021-12-03T14:21:26","guid":{"rendered":"https:\/\/locohdl.synology.me\/wordpress\/?post_type=product&#038;p=138"},"modified":"2023-11-20T08:29:03","modified_gmt":"2023-11-20T07:29:03","slug":"hdm04md1-relais-bistabil","status":"publish","type":"product","link":"https:\/\/locohdl.synology.me\/wordpress\/de\/product\/hdm04md1-relais-bistabil\/","title":{"rendered":"HDM04MD1 Relais bistabil"},"content":{"rendered":"","protected":false},"excerpt":{"rendered":"<p>Komplett-Kit f\u00fcr den HDM14MD1<\/p>\n<p>Technische Beschreibung:<br \/>\nDies ist ein Relaissteuermodul f\u00fcr LocoIO. Dadurch ist es m\u00f6glich, mit LocoIO-Ausg\u00e4ngen (5V, max. 20mA) verschiedene Artikel mit h\u00f6heren Spannungen und gr\u00f6\u00dferen Str\u00f6men anzusteuern. Das Modul ist mit 2 bistabilen Relais ausgestattet.<\/p>\n","protected":false},"featured_media":139,"template":"","meta":[],"product_brand":[],"product_cat":[30],"product_tag":[],"class_list":{"0":"post-138","1":"product","2":"type-product","3":"status-publish","4":"has-post-thumbnail","6":"product_cat-zusatzmodule","8":"first","9":"instock","10":"shipping-taxable","11":"purchasable","12":"product-type-simple"},"_links":{"self":[{"href":"https:\/\/locohdl.synology.me\/wordpress\/wp-json\/wp\/v2\/product\/138","targetHints":{"allow":["GET"]}}],"collection":[{"href":"https:\/\/locohdl.synology.me\/wordpress\/wp-json\/wp\/v2\/product"}],"about":[{"href":"https:\/\/locohdl.synology.me\/wordpress\/wp-json\/wp\/v2\/types\/product"}],"wp:featuredmedia":[{"embeddable":true,"href":"https:\/\/locohdl.synology.me\/wordpress\/wp-json\/wp\/v2\/media\/139"}],"wp:attachment":[{"href":"https:\/\/locohdl.synology.me\/wordpress\/wp-json\/wp\/v2\/media?parent=138"}],"wp:term":[{"taxonomy":"product_brand","embeddable":true,"href":"https:\/\/locohdl.synology.me\/wordpress\/wp-json\/wp\/v2\/product_brand?post=138"},{"taxonomy":"product_cat","embeddable":true,"href":"https:\/\/locohdl.synology.me\/wordpress\/wp-json\/wp\/v2\/product_cat?post=138"},{"taxonomy":"product_tag","embeddable":true,"href":"https:\/\/locohdl.synology.me\/wordpress\/wp-json\/wp\/v2\/product_tag?post=138"}],"curies":[{"name":"wp","href":"https:\/\/api.w.org\/{rel}","templated":true}]}}