{"id":156,"date":"2021-12-03T18:52:46","date_gmt":"2021-12-03T18:52:46","guid":{"rendered":"https:\/\/locohdl.synology.me\/wordpress\/?post_type=product&#038;p=156"},"modified":"2021-12-03T18:53:31","modified_gmt":"2021-12-03T18:53:31","slug":"hdm05lns-locobooster-3a-3","status":"publish","type":"product","link":"https:\/\/locohdl.synology.me\/wordpress\/de\/product\/hdm05lns-locobooster-3a-3\/","title":{"rendered":"HDM05LNS LocoBooster 3A"},"content":{"rendered":"","protected":false},"excerpt":{"rendered":"<p>Komplett-Kit f\u00fcr den LocoBooster 3A<\/p>\n<p>Technische Beschreibung:<br \/>\nEin Booster ist ein Verst\u00e4rker des digitalen Signals. Die Lokomotiven k\u00f6nnen dann mit der notwendigen Stromversorgung zusammen mit den digitalen Informationen zu ihrer Steuerung versorgt werden. In einem digitalen Gleis werden mehrere Booster ben\u00f6tigt, um alle Lokomotiven anzutreiben.<br \/>\nEs wird empfohlen, statt eines gro\u00dfen Boosters mehrere kleine Booster zu verwenden. Kurzschl\u00fcsse erzeugen Funken, die sich in die R\u00e4der der Lokomotiven einbrennen. Auf Dauer besch\u00e4digen diese Funken die R\u00e4der.<br \/>\nDieser kleine Booster ist auch ideal f\u00fcr modulare Kurse mit einem LocoNet-Netzwerk. Auf diese Weise k\u00f6nnen die Booster auf die verschiedenen Module aufgeteilt werden.<\/p>\n","protected":false},"featured_media":157,"template":"","meta":[],"product_brand":[],"product_cat":[38],"product_tag":[],"class_list":{"0":"post-156","1":"product","2":"type-product","3":"status-publish","4":"has-post-thumbnail","6":"product_cat-loconet-module","8":"first","9":"instock","10":"shipping-taxable","11":"purchasable","12":"product-type-simple"},"_links":{"self":[{"href":"https:\/\/locohdl.synology.me\/wordpress\/wp-json\/wp\/v2\/product\/156","targetHints":{"allow":["GET"]}}],"collection":[{"href":"https:\/\/locohdl.synology.me\/wordpress\/wp-json\/wp\/v2\/product"}],"about":[{"href":"https:\/\/locohdl.synology.me\/wordpress\/wp-json\/wp\/v2\/types\/product"}],"wp:featuredmedia":[{"embeddable":true,"href":"https:\/\/locohdl.synology.me\/wordpress\/wp-json\/wp\/v2\/media\/157"}],"wp:attachment":[{"href":"https:\/\/locohdl.synology.me\/wordpress\/wp-json\/wp\/v2\/media?parent=156"}],"wp:term":[{"taxonomy":"product_brand","embeddable":true,"href":"https:\/\/locohdl.synology.me\/wordpress\/wp-json\/wp\/v2\/product_brand?post=156"},{"taxonomy":"product_cat","embeddable":true,"href":"https:\/\/locohdl.synology.me\/wordpress\/wp-json\/wp\/v2\/product_cat?post=156"},{"taxonomy":"product_tag","embeddable":true,"href":"https:\/\/locohdl.synology.me\/wordpress\/wp-json\/wp\/v2\/product_tag?post=156"}],"curies":[{"name":"wp","href":"https:\/\/api.w.org\/{rel}","templated":true}]}}