{"id":158,"date":"2021-12-03T18:54:16","date_gmt":"2021-12-03T18:54:16","guid":{"rendered":"https:\/\/locohdl.synology.me\/wordpress\/?post_type=product&#038;p=158"},"modified":"2021-12-03T18:54:17","modified_gmt":"2021-12-03T18:54:17","slug":"hdm05lns-locobooster-3a-4","status":"publish","type":"product","link":"https:\/\/locohdl.synology.me\/wordpress\/fr\/product\/hdm05lns-locobooster-3a-4\/","title":{"rendered":"HDM05LNS LocoBooster 3A"},"content":{"rendered":"","protected":false},"excerpt":{"rendered":"<p>Kit complet pour le LocoBooster 3A<\/p>\n<p>Description technique:<br \/>\nUn Booster est un amplificateur du signal num\u00e9rique. Les locomotives peuvent alors \u00eatre aliment\u00e9es avec l&#8217;alimentation \u00e9lectrique n\u00e9cessaire ainsi que les informations num\u00e9riques pour les contr\u00f4ler. Dans une voie num\u00e9rique, plusieurs boosters sont n\u00e9cessaires pour alimenter toutes les locomotives.<br \/>\nIl est recommand\u00e9 d&#8217;utiliser plusieurs petits Boosters, au lieu d&#8217;un grand Booster. Les courts-circuits cr\u00e9ent des \u00e9tincelles qui br\u00fblent dans les roues des locomotives. \u00c0 la longue, ces \u00e9tincelles endommagent les roues.<br \/>\nCe petit Booster est \u00e9galement id\u00e9al pour les parcours modulaires avec un r\u00e9seau LocoNet. De cette fa\u00e7on, les Boosters peuvent \u00eatre r\u00e9partis sur les diff\u00e9rents modules.<\/p>\n","protected":false},"featured_media":159,"template":"","meta":[],"product_brand":[],"product_cat":[40],"product_tag":[],"class_list":{"0":"post-158","1":"product","2":"type-product","3":"status-publish","4":"has-post-thumbnail","6":"product_cat-loconet-modules-fr","8":"first","9":"instock","10":"shipping-taxable","11":"purchasable","12":"product-type-simple"},"_links":{"self":[{"href":"https:\/\/locohdl.synology.me\/wordpress\/wp-json\/wp\/v2\/product\/158","targetHints":{"allow":["GET"]}}],"collection":[{"href":"https:\/\/locohdl.synology.me\/wordpress\/wp-json\/wp\/v2\/product"}],"about":[{"href":"https:\/\/locohdl.synology.me\/wordpress\/wp-json\/wp\/v2\/types\/product"}],"wp:featuredmedia":[{"embeddable":true,"href":"https:\/\/locohdl.synology.me\/wordpress\/wp-json\/wp\/v2\/media\/159"}],"wp:attachment":[{"href":"https:\/\/locohdl.synology.me\/wordpress\/wp-json\/wp\/v2\/media?parent=158"}],"wp:term":[{"taxonomy":"product_brand","embeddable":true,"href":"https:\/\/locohdl.synology.me\/wordpress\/wp-json\/wp\/v2\/product_brand?post=158"},{"taxonomy":"product_cat","embeddable":true,"href":"https:\/\/locohdl.synology.me\/wordpress\/wp-json\/wp\/v2\/product_cat?post=158"},{"taxonomy":"product_tag","embeddable":true,"href":"https:\/\/locohdl.synology.me\/wordpress\/wp-json\/wp\/v2\/product_tag?post=158"}],"curies":[{"name":"wp","href":"https:\/\/api.w.org\/{rel}","templated":true}]}}