{"id":166,"date":"2021-12-03T18:58:20","date_gmt":"2021-12-03T18:58:20","guid":{"rendered":"https:\/\/locohdl.synology.me\/wordpress\/?post_type=product&#038;p=166"},"modified":"2021-12-03T18:58:21","modified_gmt":"2021-12-03T18:58:21","slug":"hdm06c-locodm2-4","status":"publish","type":"product","link":"https:\/\/locohdl.synology.me\/wordpress\/fr\/product\/hdm06c-locodm2-4\/","title":{"rendered":"HDM06C LocoDM2"},"content":{"rendered":"","protected":false},"excerpt":{"rendered":"<p>Kit complet pour la LocoDM2<\/p>\n<p>Description technique:<br \/>\nIl s&#8217;agit d&#8217;un module de contr\u00f4le2 pour LocoIO. Cela permet de contr\u00f4ler divers \u00e9l\u00e9ments avec des tensions plus \u00e9lev\u00e9es et des courants plus importants avec les sorties LocoIO (5V, max. 20mA). Ce module peut \u00eatre utilis\u00e9 pour la commande directe de 4 moteurs \u00e0 coupure avec coupure ou de 2 moteurs \u00e0 coupure sans coupure. Cela peut \u00e9galement \u00eatre utilis\u00e9 pour contr\u00f4ler 4 signaux commerciaux rouge\/vert.<\/p>\n","protected":false},"featured_media":167,"template":"","meta":[],"product_brand":[],"product_cat":[32],"product_tag":[],"class_list":{"0":"post-166","1":"product","2":"type-product","3":"status-publish","4":"has-post-thumbnail","6":"product_cat-modules-auxiliaires","8":"first","9":"instock","10":"shipping-taxable","11":"purchasable","12":"product-type-simple"},"_links":{"self":[{"href":"https:\/\/locohdl.synology.me\/wordpress\/wp-json\/wp\/v2\/product\/166","targetHints":{"allow":["GET"]}}],"collection":[{"href":"https:\/\/locohdl.synology.me\/wordpress\/wp-json\/wp\/v2\/product"}],"about":[{"href":"https:\/\/locohdl.synology.me\/wordpress\/wp-json\/wp\/v2\/types\/product"}],"wp:featuredmedia":[{"embeddable":true,"href":"https:\/\/locohdl.synology.me\/wordpress\/wp-json\/wp\/v2\/media\/167"}],"wp:attachment":[{"href":"https:\/\/locohdl.synology.me\/wordpress\/wp-json\/wp\/v2\/media?parent=166"}],"wp:term":[{"taxonomy":"product_brand","embeddable":true,"href":"https:\/\/locohdl.synology.me\/wordpress\/wp-json\/wp\/v2\/product_brand?post=166"},{"taxonomy":"product_cat","embeddable":true,"href":"https:\/\/locohdl.synology.me\/wordpress\/wp-json\/wp\/v2\/product_cat?post=166"},{"taxonomy":"product_tag","embeddable":true,"href":"https:\/\/locohdl.synology.me\/wordpress\/wp-json\/wp\/v2\/product_tag?post=166"}],"curies":[{"name":"wp","href":"https:\/\/api.w.org\/{rel}","templated":true}]}}