{"id":172,"date":"2021-12-03T19:02:29","date_gmt":"2021-12-03T19:02:29","guid":{"rendered":"https:\/\/locohdl.synology.me\/wordpress\/?post_type=product&#038;p=172"},"modified":"2026-02-22T19:03:09","modified_gmt":"2026-02-22T18:03:09","slug":"hdm08c-locoio-rj12-3","status":"publish","type":"product","link":"https:\/\/locohdl.synology.me\/wordpress\/de\/product\/hdm08c-locoio-rj12-3\/","title":{"rendered":"HDM08C LocoIO RJ12"},"content":{"rendered":"","protected":false},"excerpt":{"rendered":"<p>Komplett-Kit f\u00fcr die LocoIO mit RJ12-Anschl\u00fcssen<\/p>\n<p>Technische Beschreibung:<br \/>\nDies ist ein 16 Bit Ein-\/Ausgabemodul mit Verbindung zu LocoNet. An ihn k\u00f6nnen Sie Signale, Weichen, Stromsensoren, Taster, &#8230; anschlie\u00dfen. Jetzt auch mit Blinkausg\u00e4ngen und 4-Wege-Signalausgang, Schalterr\u00fcckmeldung und zus\u00e4tzlicher Opcode-Option f\u00fcr Eing\u00e4nge. Funktionell wandelt dieses System ein 0- oder +5-Volt-Eingangssignal in einen LocoNet-Befehl um und\/oder wandelt einen LocoNet-Befehl in ein 0- oder +5-Volt-Signal f\u00fcr 16 unabh\u00e4ngige Bits um. Es f\u00fchrt auch eine Software-Entprellung eines Eingangs durch.<br \/>\nSoftwareversion LIO154<\/p>\n","protected":false},"featured_media":173,"template":"","meta":[],"product_brand":[],"product_cat":[38],"product_tag":[],"class_list":{"0":"post-172","1":"product","2":"type-product","3":"status-publish","4":"has-post-thumbnail","6":"product_cat-loconet-module","8":"first","9":"instock","10":"shipping-taxable","11":"purchasable","12":"product-type-simple"},"_links":{"self":[{"href":"https:\/\/locohdl.synology.me\/wordpress\/wp-json\/wp\/v2\/product\/172","targetHints":{"allow":["GET"]}}],"collection":[{"href":"https:\/\/locohdl.synology.me\/wordpress\/wp-json\/wp\/v2\/product"}],"about":[{"href":"https:\/\/locohdl.synology.me\/wordpress\/wp-json\/wp\/v2\/types\/product"}],"wp:featuredmedia":[{"embeddable":true,"href":"https:\/\/locohdl.synology.me\/wordpress\/wp-json\/wp\/v2\/media\/173"}],"wp:attachment":[{"href":"https:\/\/locohdl.synology.me\/wordpress\/wp-json\/wp\/v2\/media?parent=172"}],"wp:term":[{"taxonomy":"product_brand","embeddable":true,"href":"https:\/\/locohdl.synology.me\/wordpress\/wp-json\/wp\/v2\/product_brand?post=172"},{"taxonomy":"product_cat","embeddable":true,"href":"https:\/\/locohdl.synology.me\/wordpress\/wp-json\/wp\/v2\/product_cat?post=172"},{"taxonomy":"product_tag","embeddable":true,"href":"https:\/\/locohdl.synology.me\/wordpress\/wp-json\/wp\/v2\/product_tag?post=172"}],"curies":[{"name":"wp","href":"https:\/\/api.w.org\/{rel}","templated":true}]}}