{"id":182,"date":"2021-12-03T19:07:47","date_gmt":"2021-12-03T19:07:47","guid":{"rendered":"https:\/\/locohdl.synology.me\/wordpress\/?post_type=product&#038;p=182"},"modified":"2026-02-23T11:16:09","modified_gmt":"2026-02-23T10:16:09","slug":"hdm08d-locoio-screw-4","status":"publish","type":"product","link":"https:\/\/locohdl.synology.me\/wordpress\/fr\/product\/hdm08d-locoio-screw-4\/","title":{"rendered":"HDM08D LocoIO Screw"},"content":{"rendered":"","protected":false},"excerpt":{"rendered":"<p>Kit complet pour la LocoIO avec connecteurs \u00e0 vis<\/p>\n<p>Description technique:<br \/>\nIl s&#8217;agit d&#8217;un module d&#8217;entr\u00e9e\/sortie 16 bits avec une connexion \u00e0 LocoNet. Vous pouvez y connecter des signaux, des points, des capteurs de courant, des boutons poussoirs, &#8230;. Maintenant aussi avec des sorties clignotantes et une sortie de signal \u00e0 4 voies, un retour de commutateur et une option de code d&#8217;op\u00e9ration suppl\u00e9mentaire pour les entr\u00e9es. Fonctionnellement, ce syst\u00e8me convertit un signal d&#8217;entr\u00e9e 0 ou +5 volts en une commande LocoNet et\/ou convertit une commande LocoNet en un signal 0 ou +5 volts, pour 16 bits ind\u00e9pendants. Il effectue \u00e9galement un anti-rebond logiciel d&#8217;une entr\u00e9e.<br \/>\nVersion du logiciel LIO154<\/p>\n","protected":false},"featured_media":183,"template":"","meta":[],"product_brand":[],"product_cat":[40],"product_tag":[],"class_list":{"0":"post-182","1":"product","2":"type-product","3":"status-publish","4":"has-post-thumbnail","6":"product_cat-loconet-modules-fr","8":"first","9":"instock","10":"shipping-taxable","11":"purchasable","12":"product-type-simple"},"_links":{"self":[{"href":"https:\/\/locohdl.synology.me\/wordpress\/wp-json\/wp\/v2\/product\/182","targetHints":{"allow":["GET"]}}],"collection":[{"href":"https:\/\/locohdl.synology.me\/wordpress\/wp-json\/wp\/v2\/product"}],"about":[{"href":"https:\/\/locohdl.synology.me\/wordpress\/wp-json\/wp\/v2\/types\/product"}],"wp:featuredmedia":[{"embeddable":true,"href":"https:\/\/locohdl.synology.me\/wordpress\/wp-json\/wp\/v2\/media\/183"}],"wp:attachment":[{"href":"https:\/\/locohdl.synology.me\/wordpress\/wp-json\/wp\/v2\/media?parent=182"}],"wp:term":[{"taxonomy":"product_brand","embeddable":true,"href":"https:\/\/locohdl.synology.me\/wordpress\/wp-json\/wp\/v2\/product_brand?post=182"},{"taxonomy":"product_cat","embeddable":true,"href":"https:\/\/locohdl.synology.me\/wordpress\/wp-json\/wp\/v2\/product_cat?post=182"},{"taxonomy":"product_tag","embeddable":true,"href":"https:\/\/locohdl.synology.me\/wordpress\/wp-json\/wp\/v2\/product_tag?post=182"}],"curies":[{"name":"wp","href":"https:\/\/api.w.org\/{rel}","templated":true}]}}