{"id":184,"date":"2021-12-03T19:11:11","date_gmt":"2021-12-03T18:11:11","guid":{"rendered":"https:\/\/locohdl.synology.me\/wordpress\/?post_type=product&#038;p=184"},"modified":"2026-02-24T09:59:38","modified_gmt":"2026-02-24T08:59:38","slug":"hdm09usb-locobuffer-usb","status":"publish","type":"product","link":"https:\/\/locohdl.synology.me\/wordpress\/product\/hdm09usb-locobuffer-usb\/","title":{"rendered":"HDM09USB LocoBuffer USB"},"content":{"rendered":"","protected":false},"excerpt":{"rendered":"<p>Volledige kit voor de LocoBuffer met USB-aansluiting<\/p>\n<p>Technische omschrijving:<br \/>\nLocoBuffer is een hardware module dat een interface bevat tussen LocoNet en een RS232 seri\u00eble poort of USB virtuele seri\u00eble poort of Bluetooth virtuele seri\u00eble poort.<br \/>\nNeemt LocoNet commando\u2019s binnen, buffert ze en zendt ze uit naar de seri\u00eble poort. Neemt seri\u00eble poort commando\u2019s binnen van seri\u00eble poort, buffert ze en zendt ze uit op LocoNet. Het doet ook beide tezamen. Het voorziet alle timing nodig voor beide communicaties.<br \/>\nMet LocoBuffer is het ook mogelijk met behulp van LocoIO en LocoServo modules om terugmeldingen te lezen, wissels en signalen te sturen zonder gebruik te maken van een Digitale commando station (IB, TC, \u2026 of andere).<\/p>\n","protected":false},"featured_media":185,"template":"","meta":[],"product_brand":[],"product_cat":[34],"product_tag":[],"class_list":{"0":"post-184","1":"product","2":"type-product","3":"status-publish","4":"has-post-thumbnail","6":"product_cat-loconet-modules","8":"first","9":"instock","10":"shipping-taxable","11":"purchasable","12":"product-type-simple"},"_links":{"self":[{"href":"https:\/\/locohdl.synology.me\/wordpress\/wp-json\/wp\/v2\/product\/184","targetHints":{"allow":["GET"]}}],"collection":[{"href":"https:\/\/locohdl.synology.me\/wordpress\/wp-json\/wp\/v2\/product"}],"about":[{"href":"https:\/\/locohdl.synology.me\/wordpress\/wp-json\/wp\/v2\/types\/product"}],"wp:featuredmedia":[{"embeddable":true,"href":"https:\/\/locohdl.synology.me\/wordpress\/wp-json\/wp\/v2\/media\/185"}],"wp:attachment":[{"href":"https:\/\/locohdl.synology.me\/wordpress\/wp-json\/wp\/v2\/media?parent=184"}],"wp:term":[{"taxonomy":"product_brand","embeddable":true,"href":"https:\/\/locohdl.synology.me\/wordpress\/wp-json\/wp\/v2\/product_brand?post=184"},{"taxonomy":"product_cat","embeddable":true,"href":"https:\/\/locohdl.synology.me\/wordpress\/wp-json\/wp\/v2\/product_cat?post=184"},{"taxonomy":"product_tag","embeddable":true,"href":"https:\/\/locohdl.synology.me\/wordpress\/wp-json\/wp\/v2\/product_tag?post=184"}],"curies":[{"name":"wp","href":"https:\/\/api.w.org\/{rel}","templated":true}]}}