{"id":190,"date":"2021-12-03T19:13:50","date_gmt":"2021-12-03T19:13:50","guid":{"rendered":"https:\/\/locohdl.synology.me\/wordpress\/?post_type=product&#038;p=190"},"modified":"2026-02-23T12:39:22","modified_gmt":"2026-02-23T11:39:22","slug":"hdm09usb-locobuffer-usb-4","status":"publish","type":"product","link":"https:\/\/locohdl.synology.me\/wordpress\/fr\/product\/hdm09usb-locobuffer-usb-4\/","title":{"rendered":"HDM09USB LocoBuffer USB"},"content":{"rendered":"","protected":false},"excerpt":{"rendered":"<p>Kit complet pour le LocoBuffer avec connexion USB<\/p>\n<p>Description technique:<br \/>\nLocoBuffer est un module mat\u00e9riel qui contient une interface entre LocoNet et un port s\u00e9rie RS232 ou un port s\u00e9rie virtuel USB ou un port s\u00e9rie virtuel Bluetooth.<br \/>\nLocoNet prend les commandes, les met en m\u00e9moire tampon et les envoie au port s\u00e9rie. Prend les commandes du port s\u00e9rie du port s\u00e9rie, les met en m\u00e9moire tampon et les diffuse sur LocoNet. Il fait aussi les deux ensemble. Il fournit tout le temps n\u00e9cessaire pour les deux communications.<br \/>\nAvec LocoBuffer, il est \u00e9galement possible d&#8217;utiliser les modules LocoIO et LocoServo pour lire les retours, envoyer des aiguillages et des signaux sans utiliser de centrale num\u00e9rique (IB, TC, &#8230; ou autre).<\/p>\n","protected":false},"featured_media":191,"template":"","meta":[],"product_brand":[],"product_cat":[40],"product_tag":[],"class_list":{"0":"post-190","1":"product","2":"type-product","3":"status-publish","4":"has-post-thumbnail","6":"product_cat-loconet-modules-fr","8":"first","9":"instock","10":"shipping-taxable","11":"purchasable","12":"product-type-simple"},"_links":{"self":[{"href":"https:\/\/locohdl.synology.me\/wordpress\/wp-json\/wp\/v2\/product\/190","targetHints":{"allow":["GET"]}}],"collection":[{"href":"https:\/\/locohdl.synology.me\/wordpress\/wp-json\/wp\/v2\/product"}],"about":[{"href":"https:\/\/locohdl.synology.me\/wordpress\/wp-json\/wp\/v2\/types\/product"}],"wp:featuredmedia":[{"embeddable":true,"href":"https:\/\/locohdl.synology.me\/wordpress\/wp-json\/wp\/v2\/media\/191"}],"wp:attachment":[{"href":"https:\/\/locohdl.synology.me\/wordpress\/wp-json\/wp\/v2\/media?parent=190"}],"wp:term":[{"taxonomy":"product_brand","embeddable":true,"href":"https:\/\/locohdl.synology.me\/wordpress\/wp-json\/wp\/v2\/product_brand?post=190"},{"taxonomy":"product_cat","embeddable":true,"href":"https:\/\/locohdl.synology.me\/wordpress\/wp-json\/wp\/v2\/product_cat?post=190"},{"taxonomy":"product_tag","embeddable":true,"href":"https:\/\/locohdl.synology.me\/wordpress\/wp-json\/wp\/v2\/product_tag?post=190"}],"curies":[{"name":"wp","href":"https:\/\/api.w.org\/{rel}","templated":true}]}}