{"id":222,"date":"2021-12-03T21:30:29","date_gmt":"2021-12-03T21:30:29","guid":{"rendered":"https:\/\/locohdl.synology.me\/wordpress\/?post_type=product&#038;p=222"},"modified":"2021-12-03T21:30:30","modified_gmt":"2021-12-03T21:30:30","slug":"hdm12d-locoservo-screw-4","status":"publish","type":"product","link":"https:\/\/locohdl.synology.me\/wordpress\/fr\/product\/hdm12d-locoservo-screw-4\/","title":{"rendered":"HDM12D LocoServo Screw"},"content":{"rendered":"","protected":false},"excerpt":{"rendered":"<p>Kit complet pour le LocoServo avec connexions \u00e0 vis<\/p>\n<p>Description technique:<br \/>\nCe module est une variante d&#8217;une LocoIO. Il peut piloter 8 servomoteurs analogiques \u00e0 2 positions ou 4 servos \u00e0 4 positions et il contient \u00e9galement une entr\u00e9e\/sortie LocoIO 8 bits.<br \/>\n&#8211; Pour les entr\u00e9es\/sorties 4 bits, voir manuel LocoIO.<br \/>\n&#8211; Le servomoteur peut tourner \u00e0 un angle de 90\u00ba de la position 1 = 1 \u00e0 la position 2 = 127. La position 1 et la position 2 peuvent \u00eatre r\u00e9gl\u00e9es dans ce 90\u00ba avec une valeur de 1 \u00e0 127. Le servomoteur est d\u00e9plac\u00e9 d&#8217;une position \u00e0 une autre par un Message \u00ab Contact fixe \u00bb. Le d\u00e9placement peut se faire avec 4 vitesses diff\u00e9rentes r\u00e9glables individuellement par servomoteur. La vitesse = 0 est la plus rapide, la vitesse = 3 est la plus lente.<br \/>\n&#8211; Le servomoteur peut \u00e9galement effectuer un mouvement de va-et-vient continu \u00e0 deux vitesses diff\u00e9rentes, avec une vitesse de r\u00e9glage = 4 ou 5. La position 1 est alors fix\u00e9e \u00e0 la valeur = 1. La position 2 peut \u00eatre librement choisie entre 1 et 127, et d\u00e9termin\u00e9e par l&#8217;angle du mouvement. Le message \u00ab Contact fixe \u00bb d\u00e9termine alors si le moteur effectue le mouvement de va-et-vient entre la position 1 et la position 2 ou reste immobile \u00e0 la position 1. Le mouvement de va-et-vient continu n&#8217;est pas r\u00e9glable lorsque le servomoteur \u00e0 4 positions est s\u00e9lectionn\u00e9.<br \/>\nAvec les Servos vous pouvez actionner des aiguillages, des signaux m\u00e9caniques, des barri\u00e8res, des portes de hangars \u00e0 locomotives, etc\u2026.<\/p>\n","protected":false},"featured_media":223,"template":"","meta":[],"product_brand":[],"product_cat":[40],"product_tag":[],"class_list":{"0":"post-222","1":"product","2":"type-product","3":"status-publish","4":"has-post-thumbnail","6":"product_cat-loconet-modules-fr","8":"first","9":"instock","10":"shipping-taxable","11":"purchasable","12":"product-type-simple"},"_links":{"self":[{"href":"https:\/\/locohdl.synology.me\/wordpress\/wp-json\/wp\/v2\/product\/222","targetHints":{"allow":["GET"]}}],"collection":[{"href":"https:\/\/locohdl.synology.me\/wordpress\/wp-json\/wp\/v2\/product"}],"about":[{"href":"https:\/\/locohdl.synology.me\/wordpress\/wp-json\/wp\/v2\/types\/product"}],"wp:featuredmedia":[{"embeddable":true,"href":"https:\/\/locohdl.synology.me\/wordpress\/wp-json\/wp\/v2\/media\/223"}],"wp:attachment":[{"href":"https:\/\/locohdl.synology.me\/wordpress\/wp-json\/wp\/v2\/media?parent=222"}],"wp:term":[{"taxonomy":"product_brand","embeddable":true,"href":"https:\/\/locohdl.synology.me\/wordpress\/wp-json\/wp\/v2\/product_brand?post=222"},{"taxonomy":"product_cat","embeddable":true,"href":"https:\/\/locohdl.synology.me\/wordpress\/wp-json\/wp\/v2\/product_cat?post=222"},{"taxonomy":"product_tag","embeddable":true,"href":"https:\/\/locohdl.synology.me\/wordpress\/wp-json\/wp\/v2\/product_tag?post=222"}],"curies":[{"name":"wp","href":"https:\/\/api.w.org\/{rel}","templated":true}]}}