{"id":230,"date":"2021-12-03T21:34:20","date_gmt":"2021-12-03T21:34:20","guid":{"rendered":"https:\/\/locohdl.synology.me\/wordpress\/?post_type=product&#038;p=230"},"modified":"2024-05-27T15:03:47","modified_gmt":"2024-05-27T13:03:47","slug":"hdm14c-lococd-3-6a-4","status":"publish","type":"product","link":"https:\/\/locohdl.synology.me\/wordpress\/fr\/product\/hdm14c-lococd-3-6a-4\/","title":{"rendered":"HDM14D LocoCD 8\/12A"},"content":{"rendered":"","protected":false},"excerpt":{"rendered":"<p>Kit complet pour le d\u00e9tecteur de courant HDM14C<\/p>\n<p>Description technique:<br \/>\nDans une voie num\u00e9rique, les capteurs de courant sont le meilleur moyen de d\u00e9tecter un train dans une section particuli\u00e8re. M\u00eame lorsque les trains sont \u00e0 l&#8217;arr\u00eat, il y a toujours un d\u00e9codeur ou une lampe ou une LED consommant de l&#8217;\u00e9nergie qui peut \u00eatre d\u00e9tect\u00e9e. Les sections peuvent \u00eatre r\u00e9alis\u00e9es en alimentant des barres omnibus isol\u00e9es \u00e9lectriquement avec une alimentation num\u00e9rique \u00e0 partir de son propre d\u00e9tecteur de courant.<\/p>\n<p>Le transformateur de capteur de courant n&#8217;a pas de chute de tension sur le signal num\u00e9rique et peut mieux d\u00e9tecter les faibles courants.<br \/>\nL&#8217;impression avec 4 d\u00e9tections de courant peut \u00eatre utilis\u00e9e avec n&#8217;importe quelle balance.<br \/>\n&#8211; La consommation de courant maximale admissible par section de rail est de : 8A pour HDM14D version 4.0.<br \/>\n&#8211; La somme de la consommation de courant num\u00e9rique est de 12A maximum par connexion num\u00e9rique.<\/p>\n","protected":false},"featured_media":1168,"template":"","meta":[],"product_brand":[],"product_cat":[32],"product_tag":[],"class_list":{"0":"post-230","1":"product","2":"type-product","3":"status-publish","4":"has-post-thumbnail","6":"product_cat-modules-auxiliaires","8":"first","9":"instock","10":"shipping-taxable","11":"purchasable","12":"product-type-simple"},"_links":{"self":[{"href":"https:\/\/locohdl.synology.me\/wordpress\/wp-json\/wp\/v2\/product\/230","targetHints":{"allow":["GET"]}}],"collection":[{"href":"https:\/\/locohdl.synology.me\/wordpress\/wp-json\/wp\/v2\/product"}],"about":[{"href":"https:\/\/locohdl.synology.me\/wordpress\/wp-json\/wp\/v2\/types\/product"}],"wp:featuredmedia":[{"embeddable":true,"href":"https:\/\/locohdl.synology.me\/wordpress\/wp-json\/wp\/v2\/media\/1168"}],"wp:attachment":[{"href":"https:\/\/locohdl.synology.me\/wordpress\/wp-json\/wp\/v2\/media?parent=230"}],"wp:term":[{"taxonomy":"product_brand","embeddable":true,"href":"https:\/\/locohdl.synology.me\/wordpress\/wp-json\/wp\/v2\/product_brand?post=230"},{"taxonomy":"product_cat","embeddable":true,"href":"https:\/\/locohdl.synology.me\/wordpress\/wp-json\/wp\/v2\/product_cat?post=230"},{"taxonomy":"product_tag","embeddable":true,"href":"https:\/\/locohdl.synology.me\/wordpress\/wp-json\/wp\/v2\/product_tag?post=230"}],"curies":[{"name":"wp","href":"https:\/\/api.w.org\/{rel}","templated":true}]}}