{"id":236,"date":"2021-12-03T21:37:01","date_gmt":"2021-12-03T21:37:01","guid":{"rendered":"https:\/\/locohdl.synology.me\/wordpress\/?post_type=product&#038;p=236"},"modified":"2021-12-03T21:37:02","modified_gmt":"2021-12-03T21:37:02","slug":"hdm14e-lococd-10-18a-3","status":"publish","type":"product","link":"https:\/\/locohdl.synology.me\/wordpress\/de\/product\/hdm14e-lococd-10-18a-3\/","title":{"rendered":"HDM14E LocoCD 10\/18A"},"content":{"rendered":"","protected":false},"excerpt":{"rendered":"<p>Komplett-Kit f\u00fcr den Stromdetektor HDM14E<\/p>\n<p>Technische Beschreibung:<br \/>\nIn einem digitalen Gleis sind Stromsensoren die beste M\u00f6glichkeit, einen Zug in einem bestimmten Abschnitt zu erkennen. Auch bei stillstehenden Z\u00fcgen kann immer ein Decoder oder eine Lampe oder LED mit Strombedarf erkannt werden. Abschnitte k\u00f6nnen hergestellt werden, indem elektrisch isolierte Sammelschienen mit digitaler Energie von einem eigenen Stromdetektor versorgt werden.<\/p>\n<p>Der Stromsensor-Transformator hat keinen Spannungsabfall am digitalen Signal und kann niedrige Str\u00f6me besser erkennen.<br \/>\nPrint mit 4 Stromerkennungen kann mit jeder Waage verwendet werden.<br \/>\n&#8211; Die maximal zul\u00e4ssige Leistungsaufnahme pro Schienenabschnitt betr\u00e4gt:<br \/>\n10A f\u00fcr HDM14E Version 3.0 f\u00fcr Skala O, I und G<br \/>\n&#8211; Die Summe der digitalen Leistungsaufnahme ist maximal:<br \/>\n18A f\u00fcr HDM14E Version 3.0 f\u00fcr Skala O, I und G <\/p>\n","protected":false},"featured_media":237,"template":"","meta":[],"product_brand":[],"product_cat":[30],"product_tag":[],"class_list":{"0":"post-236","1":"product","2":"type-product","3":"status-publish","4":"has-post-thumbnail","6":"product_cat-zusatzmodule","8":"first","9":"instock","10":"sale","11":"shipping-taxable","12":"purchasable","13":"product-type-simple"},"_links":{"self":[{"href":"https:\/\/locohdl.synology.me\/wordpress\/wp-json\/wp\/v2\/product\/236","targetHints":{"allow":["GET"]}}],"collection":[{"href":"https:\/\/locohdl.synology.me\/wordpress\/wp-json\/wp\/v2\/product"}],"about":[{"href":"https:\/\/locohdl.synology.me\/wordpress\/wp-json\/wp\/v2\/types\/product"}],"wp:featuredmedia":[{"embeddable":true,"href":"https:\/\/locohdl.synology.me\/wordpress\/wp-json\/wp\/v2\/media\/237"}],"wp:attachment":[{"href":"https:\/\/locohdl.synology.me\/wordpress\/wp-json\/wp\/v2\/media?parent=236"}],"wp:term":[{"taxonomy":"product_brand","embeddable":true,"href":"https:\/\/locohdl.synology.me\/wordpress\/wp-json\/wp\/v2\/product_brand?post=236"},{"taxonomy":"product_cat","embeddable":true,"href":"https:\/\/locohdl.synology.me\/wordpress\/wp-json\/wp\/v2\/product_cat?post=236"},{"taxonomy":"product_tag","embeddable":true,"href":"https:\/\/locohdl.synology.me\/wordpress\/wp-json\/wp\/v2\/product_tag?post=236"}],"curies":[{"name":"wp","href":"https:\/\/api.w.org\/{rel}","templated":true}]}}