{"id":238,"date":"2021-12-03T21:37:44","date_gmt":"2021-12-03T21:37:44","guid":{"rendered":"https:\/\/locohdl.synology.me\/wordpress\/?post_type=product&#038;p=238"},"modified":"2021-12-03T21:37:45","modified_gmt":"2021-12-03T21:37:45","slug":"hdm14e-lococd-10-18a-4","status":"publish","type":"product","link":"https:\/\/locohdl.synology.me\/wordpress\/fr\/product\/hdm14e-lococd-10-18a-4\/","title":{"rendered":"HDM14E LocoCD 10\/18A"},"content":{"rendered":"","protected":false},"excerpt":{"rendered":"<p>Kit complet pour le d\u00e9tecteur de courant HDM14E<\/p>\n<p>Description technique:<br \/>\nDans une voie num\u00e9rique, les capteurs de courant sont le meilleur moyen de d\u00e9tecter un train dans une section particuli\u00e8re. M\u00eame lorsque les trains sont \u00e0 l&#8217;arr\u00eat, il y a toujours un d\u00e9codeur ou une lampe ou une LED consommant de l&#8217;\u00e9nergie qui peut \u00eatre d\u00e9tect\u00e9e. Les sections peuvent \u00eatre r\u00e9alis\u00e9es en alimentant des barres omnibus isol\u00e9es \u00e9lectriquement avec une alimentation num\u00e9rique \u00e0 partir de son propre d\u00e9tecteur de courant.<\/p>\n<p>Le transformateur de capteur de courant n&#8217;a pas de chute de tension sur le signal num\u00e9rique et peut mieux d\u00e9tecter les faibles courants.<br \/>\nL&#8217;impression avec 4 d\u00e9tections de courant peut \u00eatre utilis\u00e9e avec n&#8217;importe quelle balance.<br \/>\n&#8211; La consommation \u00e9lectrique maximale autoris\u00e9e par section de rail est :<br \/>\n10A pour HDM14E version 3.0 pour \u00e9chelle O, I et G<br \/>\n&#8211; La somme de la consommation \u00e9lectrique num\u00e9rique est maximale :<br \/>\n18A pour HDM14E version 3.0 pour \u00e9chelle O, I et G<\/p>\n","protected":false},"featured_media":239,"template":"","meta":[],"product_brand":[],"product_cat":[32],"product_tag":[],"class_list":{"0":"post-238","1":"product","2":"type-product","3":"status-publish","4":"has-post-thumbnail","6":"product_cat-modules-auxiliaires","8":"first","9":"instock","10":"sale","11":"shipping-taxable","12":"purchasable","13":"product-type-simple"},"_links":{"self":[{"href":"https:\/\/locohdl.synology.me\/wordpress\/wp-json\/wp\/v2\/product\/238","targetHints":{"allow":["GET"]}}],"collection":[{"href":"https:\/\/locohdl.synology.me\/wordpress\/wp-json\/wp\/v2\/product"}],"about":[{"href":"https:\/\/locohdl.synology.me\/wordpress\/wp-json\/wp\/v2\/types\/product"}],"wp:featuredmedia":[{"embeddable":true,"href":"https:\/\/locohdl.synology.me\/wordpress\/wp-json\/wp\/v2\/media\/239"}],"wp:attachment":[{"href":"https:\/\/locohdl.synology.me\/wordpress\/wp-json\/wp\/v2\/media?parent=238"}],"wp:term":[{"taxonomy":"product_brand","embeddable":true,"href":"https:\/\/locohdl.synology.me\/wordpress\/wp-json\/wp\/v2\/product_brand?post=238"},{"taxonomy":"product_cat","embeddable":true,"href":"https:\/\/locohdl.synology.me\/wordpress\/wp-json\/wp\/v2\/product_cat?post=238"},{"taxonomy":"product_tag","embeddable":true,"href":"https:\/\/locohdl.synology.me\/wordpress\/wp-json\/wp\/v2\/product_tag?post=238"}],"curies":[{"name":"wp","href":"https:\/\/api.w.org\/{rel}","templated":true}]}}