{"id":244,"date":"2021-12-03T21:40:29","date_gmt":"2021-12-03T21:40:29","guid":{"rendered":"https:\/\/locohdl.synology.me\/wordpress\/?post_type=product&#038;p=244"},"modified":"2026-02-23T15:29:34","modified_gmt":"2026-02-23T14:29:34","slug":"hdm15c-locorcc-3","status":"publish","type":"product","link":"https:\/\/locohdl.synology.me\/wordpress\/de\/product\/hdm15c-locorcc-3\/","title":{"rendered":"HDM15C LocoRCC"},"content":{"rendered":"","protected":false},"excerpt":{"rendered":"<p>Komplett-Kit f\u00fcr den LocoRCC<\/p>\n<p>Technische Beschreibung:<br \/>\nDies ist eine LocoNet Railsync-Endstufe. Der LocoNet Railsync-Ausgang kann maximal 1A liefern. Dadurch k\u00f6nnen Sie weitere Handregler und Module anschlie\u00dfen, die ihre Stromversorgung \u00fcber das LocoNet-Kabel beziehen.<\/p>\n<p>Es enth\u00e4lt auch eine RailCom-Trennvorrichtung, aktiviert und verwendet mit einem Lenz LRC120 oder dem LocoRCD. In einem LocoNet-Netz darf nur ein LocoRCC mit aktiver Railcom-Abschaltung vorhanden sein. Die LocoRCC mit RailCom-Aussparung kann zusammen mit Digital Central Stations verwendet werden, die keine RailCom-Aussparung haben. Die RailCom-Abschaltung kann nur bei Loks mit DCC-Decodern oder Multiprotokoll-Decodern verwendet werden, die in DCC arbeiten und RailCom \u00fcbertragen k\u00f6nnen.<\/p>\n","protected":false},"featured_media":245,"template":"","meta":[],"product_brand":[],"product_cat":[38],"product_tag":[],"class_list":{"0":"post-244","1":"product","2":"type-product","3":"status-publish","4":"has-post-thumbnail","6":"product_cat-loconet-module","8":"first","9":"instock","10":"shipping-taxable","11":"purchasable","12":"product-type-simple"},"_links":{"self":[{"href":"https:\/\/locohdl.synology.me\/wordpress\/wp-json\/wp\/v2\/product\/244","targetHints":{"allow":["GET"]}}],"collection":[{"href":"https:\/\/locohdl.synology.me\/wordpress\/wp-json\/wp\/v2\/product"}],"about":[{"href":"https:\/\/locohdl.synology.me\/wordpress\/wp-json\/wp\/v2\/types\/product"}],"wp:featuredmedia":[{"embeddable":true,"href":"https:\/\/locohdl.synology.me\/wordpress\/wp-json\/wp\/v2\/media\/245"}],"wp:attachment":[{"href":"https:\/\/locohdl.synology.me\/wordpress\/wp-json\/wp\/v2\/media?parent=244"}],"wp:term":[{"taxonomy":"product_brand","embeddable":true,"href":"https:\/\/locohdl.synology.me\/wordpress\/wp-json\/wp\/v2\/product_brand?post=244"},{"taxonomy":"product_cat","embeddable":true,"href":"https:\/\/locohdl.synology.me\/wordpress\/wp-json\/wp\/v2\/product_cat?post=244"},{"taxonomy":"product_tag","embeddable":true,"href":"https:\/\/locohdl.synology.me\/wordpress\/wp-json\/wp\/v2\/product_tag?post=244"}],"curies":[{"name":"wp","href":"https:\/\/api.w.org\/{rel}","templated":true}]}}