{"id":246,"date":"2021-12-03T21:41:13","date_gmt":"2021-12-03T21:41:13","guid":{"rendered":"https:\/\/locohdl.synology.me\/wordpress\/?post_type=product&#038;p=246"},"modified":"2026-02-23T15:30:38","modified_gmt":"2026-02-23T14:30:38","slug":"hdm15c-locorcc-4","status":"publish","type":"product","link":"https:\/\/locohdl.synology.me\/wordpress\/fr\/product\/hdm15c-locorcc-4\/","title":{"rendered":"HDM15C LocoRCC"},"content":{"rendered":"","protected":false},"excerpt":{"rendered":"<p>Kit complet pour le LocoRCC<\/p>\n<p>Description technique:<br \/>\nIl s&#8217;agit d&#8217;un amplificateur de puissance LocoNet Railsync. La sortie LocoNet Railsync peut fournir jusqu&#8217;\u00e0 1A. Cela vous permet de connecter plus de contr\u00f4leurs manuels et de modules qui sont aliment\u00e9s par le c\u00e2ble LocoNet.<\/p>\n<p>Il comprend \u00e9galement un dispositif de coupure RailCom, activ\u00e9 et utilis\u00e9 avec un Lenz LRC120 ou le LocoRCD. Un seul LocoRCC avec une coupure Railcom active peut \u00eatre pr\u00e9sent dans un r\u00e9seau LocoNet. Le LocoRCC avec coupure RailCom peut \u00eatre utilis\u00e9 avec des Stations Centrales Num\u00e9riques qui n&#8217;ont pas d&#8217;option de coupure RailCom. La d\u00e9coupe RailCom ne peut \u00eatre utilis\u00e9e qu&#8217;avec des locomotives avec des d\u00e9codeurs DCC ou des d\u00e9codeurs Multi protocole qui fonctionnent en DCC et qui peuvent transmettre RailCom.<\/p>\n","protected":false},"featured_media":247,"template":"","meta":[],"product_brand":[],"product_cat":[40],"product_tag":[],"class_list":{"0":"post-246","1":"product","2":"type-product","3":"status-publish","4":"has-post-thumbnail","6":"product_cat-loconet-modules-fr","8":"first","9":"instock","10":"shipping-taxable","11":"purchasable","12":"product-type-simple"},"_links":{"self":[{"href":"https:\/\/locohdl.synology.me\/wordpress\/wp-json\/wp\/v2\/product\/246","targetHints":{"allow":["GET"]}}],"collection":[{"href":"https:\/\/locohdl.synology.me\/wordpress\/wp-json\/wp\/v2\/product"}],"about":[{"href":"https:\/\/locohdl.synology.me\/wordpress\/wp-json\/wp\/v2\/types\/product"}],"wp:featuredmedia":[{"embeddable":true,"href":"https:\/\/locohdl.synology.me\/wordpress\/wp-json\/wp\/v2\/media\/247"}],"wp:attachment":[{"href":"https:\/\/locohdl.synology.me\/wordpress\/wp-json\/wp\/v2\/media?parent=246"}],"wp:term":[{"taxonomy":"product_brand","embeddable":true,"href":"https:\/\/locohdl.synology.me\/wordpress\/wp-json\/wp\/v2\/product_brand?post=246"},{"taxonomy":"product_cat","embeddable":true,"href":"https:\/\/locohdl.synology.me\/wordpress\/wp-json\/wp\/v2\/product_cat?post=246"},{"taxonomy":"product_tag","embeddable":true,"href":"https:\/\/locohdl.synology.me\/wordpress\/wp-json\/wp\/v2\/product_tag?post=246"}],"curies":[{"name":"wp","href":"https:\/\/api.w.org\/{rel}","templated":true}]}}