{"id":254,"date":"2021-12-03T21:45:27","date_gmt":"2021-12-03T21:45:27","guid":{"rendered":"https:\/\/locohdl.synology.me\/wordpress\/?post_type=product&#038;p=254"},"modified":"2021-12-03T21:45:28","modified_gmt":"2021-12-03T21:45:28","slug":"hdm18c-lococentral-4","status":"publish","type":"product","link":"https:\/\/locohdl.synology.me\/wordpress\/fr\/product\/hdm18c-lococentral-4\/","title":{"rendered":"HDM18C LocoCentral"},"content":{"rendered":"","protected":false},"excerpt":{"rendered":"<p>Kit complet pour construire une LocoCentral<\/p>\n<p>Description technique:<br \/>\n&#8211; Station de commande LocoNet DCC avec LocoRCC int\u00e9gr\u00e9 pour Railcom.<br \/>\n&#8211; Prend en charge tous les d\u00e9codeurs de locomotive au format NMRA DCC.<br \/>\n&#8211; Ex\u00e9cuter un maximum de 32 adresses de locomotives en m\u00eame temps.<br \/>\n&#8211; S\u00e9lection d&#8217;adresse courte (1-127) et longue (128-9999).<br \/>\n&#8211; 28 ou 128 pas de vitesse pour un contr\u00f4le de vitesse en douceur<br \/>\n&#8211; T\u00e9moin de contr\u00f4le (F0), et F1 \u00e0 F9999.<br \/>\n&#8211; Booster int\u00e9gr\u00e9 (1000mA) \u00e0 utiliser comme piste de programmation.<br \/>\n&#8211; Programmation en lecture\/\u00e9criture pour la programmation d&#8217;adresses et d&#8217;octets CV.<br \/>\n&#8211; Programmation en mode direct (mode de service pr\u00e9f\u00e9r\u00e9 NMRA), et<br \/>\n&#8211; Programmation en mode exploitation &#8211; programmer des locomotives individuelles sur le r\u00e9seau.<br \/>\n&#8211; Reconna\u00eet les commandes du d\u00e9codeur accessoire LocoNet et les envoie au DCC.<br \/>\n&#8211; Utilise les commandes manuelles LocoNet, telles que FRED, Profi-Boss, IB-Control<br \/>\n&#8211; Peut utiliser jusqu&#8217;\u00e0 32 t\u00e9l\u00e9commandes simultan\u00e9ment. <\/p>\n","protected":false},"featured_media":255,"template":"","meta":[],"product_brand":[],"product_cat":[40],"product_tag":[],"class_list":{"0":"post-254","1":"product","2":"type-product","3":"status-publish","4":"has-post-thumbnail","6":"product_cat-loconet-modules-fr","8":"first","9":"instock","10":"shipping-taxable","11":"purchasable","12":"product-type-simple"},"_links":{"self":[{"href":"https:\/\/locohdl.synology.me\/wordpress\/wp-json\/wp\/v2\/product\/254","targetHints":{"allow":["GET"]}}],"collection":[{"href":"https:\/\/locohdl.synology.me\/wordpress\/wp-json\/wp\/v2\/product"}],"about":[{"href":"https:\/\/locohdl.synology.me\/wordpress\/wp-json\/wp\/v2\/types\/product"}],"wp:featuredmedia":[{"embeddable":true,"href":"https:\/\/locohdl.synology.me\/wordpress\/wp-json\/wp\/v2\/media\/255"}],"wp:attachment":[{"href":"https:\/\/locohdl.synology.me\/wordpress\/wp-json\/wp\/v2\/media?parent=254"}],"wp:term":[{"taxonomy":"product_brand","embeddable":true,"href":"https:\/\/locohdl.synology.me\/wordpress\/wp-json\/wp\/v2\/product_brand?post=254"},{"taxonomy":"product_cat","embeddable":true,"href":"https:\/\/locohdl.synology.me\/wordpress\/wp-json\/wp\/v2\/product_cat?post=254"},{"taxonomy":"product_tag","embeddable":true,"href":"https:\/\/locohdl.synology.me\/wordpress\/wp-json\/wp\/v2\/product_tag?post=254"}],"curies":[{"name":"wp","href":"https:\/\/api.w.org\/{rel}","templated":true}]}}