{"id":260,"date":"2021-12-03T21:47:51","date_gmt":"2021-12-03T21:47:51","guid":{"rendered":"https:\/\/locohdl.synology.me\/wordpress\/?post_type=product&#038;p=260"},"modified":"2021-12-03T21:47:52","modified_gmt":"2021-12-03T21:47:52","slug":"hdm19c-locoview-3","status":"publish","type":"product","link":"https:\/\/locohdl.synology.me\/wordpress\/de\/product\/hdm19c-locoview-3\/","title":{"rendered":"HDM19C LocoView"},"content":{"rendered":"","protected":false},"excerpt":{"rendered":"<p>Kompletter Bausatz zum Aufbau des LocoView HDM19C<\/p>\n<p>Technische Beschreibung:<br \/>\nLocoView ist ein Modul, das eine Lokadresse von Lokomotiven anzeigen kann, die mit Railcom ausgestattet sind. Sie k\u00f6nnen 1 bis 4 Module an eine LocoIO Version 1.53 oder h\u00f6her anschlie\u00dfen. Die LocoIO erh\u00e4lt ihre Informationen von einem LocoRCD.<\/p>\n","protected":false},"featured_media":261,"template":"","meta":[],"product_brand":[],"product_cat":[30],"product_tag":[],"class_list":{"0":"post-260","1":"product","2":"type-product","3":"status-publish","4":"has-post-thumbnail","6":"product_cat-zusatzmodule","8":"first","9":"instock","10":"shipping-taxable","11":"purchasable","12":"product-type-simple"},"_links":{"self":[{"href":"https:\/\/locohdl.synology.me\/wordpress\/wp-json\/wp\/v2\/product\/260","targetHints":{"allow":["GET"]}}],"collection":[{"href":"https:\/\/locohdl.synology.me\/wordpress\/wp-json\/wp\/v2\/product"}],"about":[{"href":"https:\/\/locohdl.synology.me\/wordpress\/wp-json\/wp\/v2\/types\/product"}],"wp:featuredmedia":[{"embeddable":true,"href":"https:\/\/locohdl.synology.me\/wordpress\/wp-json\/wp\/v2\/media\/261"}],"wp:attachment":[{"href":"https:\/\/locohdl.synology.me\/wordpress\/wp-json\/wp\/v2\/media?parent=260"}],"wp:term":[{"taxonomy":"product_brand","embeddable":true,"href":"https:\/\/locohdl.synology.me\/wordpress\/wp-json\/wp\/v2\/product_brand?post=260"},{"taxonomy":"product_cat","embeddable":true,"href":"https:\/\/locohdl.synology.me\/wordpress\/wp-json\/wp\/v2\/product_cat?post=260"},{"taxonomy":"product_tag","embeddable":true,"href":"https:\/\/locohdl.synology.me\/wordpress\/wp-json\/wp\/v2\/product_tag?post=260"}],"curies":[{"name":"wp","href":"https:\/\/api.w.org\/{rel}","templated":true}]}}