{"id":270,"date":"2021-12-03T21:52:08","date_gmt":"2021-12-03T21:52:08","guid":{"rendered":"https:\/\/locohdl.synology.me\/wordpress\/?post_type=product&#038;p=270"},"modified":"2026-02-23T16:02:57","modified_gmt":"2026-02-23T15:02:57","slug":"hdm20c-locorcd2-3-3a-4","status":"publish","type":"product","link":"https:\/\/locohdl.synology.me\/wordpress\/fr\/product\/hdm20c-locorcd2-3-3a-4\/","title":{"rendered":"HDM20C LocoRCD2 3\/3A"},"content":{"rendered":"","protected":false},"excerpt":{"rendered":"<p>Kit complet pour la construction du LocoRCD2 HDM20C 3\/3A<\/p>\n<p>Description technique:<br \/>\nLocoRCD2 est un capteur de courant qui lit \u00e9galement les donn\u00e9es envoy\u00e9es par les d\u00e9codeurs des trains RailCom. L&#8217;adresse du train et le rapport d&#8217;occupation sont rapport\u00e9s sur LocoNet et peuvent ensuite \u00eatre affich\u00e9s sur le PC ou sur un LocoView.<br \/>\nLe LocoRCD2 contient \u00e9galement une possibilit\u00e9 d&#8217;influence des trains, pour les trains dont Railcom dispose d&#8217;un d\u00e9codeur. Le train peut freiner, s&#8217;arr\u00eater un certain temps puis continuer \u00e0 rouler dans le m\u00eame sens ou dans le sens inverse, \u00e0 condition que le signal d&#8217;accompagnement le permette. Cela permet \u00e9galement de concevoir un service de navette simple entre les arr\u00eats qui ne n\u00e9cessite pas de PC.<\/p>\n<p>O\u00f9 placer un LocoRCD ou LocoRCD2 ?<br \/>\n&#8211; Sur un canton o\u00f9 vous placez ou prenez des locomotives sur votre voie. Ils peuvent alors se connecter ou se d\u00e9connecter.<br \/>\n&#8211; Sur une partition au passage d&#8217;une zone sans contr\u00f4le PC vers une zone contr\u00f4l\u00e9e par PC avec capteurs de courant. La locomotive s&#8217;enregistrera alors et continuera \u00e0 \u00eatre contr\u00f4l\u00e9e par le PC.<br \/>\n&#8211; Sur un bloc dans une gare o\u00f9 ils veulent shunter avec une t\u00e9l\u00e9commande. Une LocoIO avec une LocoView connect\u00e9e peut indiquer l&#8217;adresse num\u00e9rique de la Locomotive sur un panneau.<br \/>\n&#8211; Avec l&#8217;influence du train, vous pouvez faire circuler et arr\u00eater les trains sans utiliser de PC.<\/p>\n","protected":false},"featured_media":271,"template":"","meta":[],"product_brand":[],"product_cat":[40],"product_tag":[],"class_list":{"0":"post-270","1":"product","2":"type-product","3":"status-publish","4":"has-post-thumbnail","6":"product_cat-loconet-modules-fr","8":"first","9":"instock","10":"shipping-taxable","11":"purchasable","12":"product-type-simple"},"_links":{"self":[{"href":"https:\/\/locohdl.synology.me\/wordpress\/wp-json\/wp\/v2\/product\/270","targetHints":{"allow":["GET"]}}],"collection":[{"href":"https:\/\/locohdl.synology.me\/wordpress\/wp-json\/wp\/v2\/product"}],"about":[{"href":"https:\/\/locohdl.synology.me\/wordpress\/wp-json\/wp\/v2\/types\/product"}],"wp:featuredmedia":[{"embeddable":true,"href":"https:\/\/locohdl.synology.me\/wordpress\/wp-json\/wp\/v2\/media\/271"}],"wp:attachment":[{"href":"https:\/\/locohdl.synology.me\/wordpress\/wp-json\/wp\/v2\/media?parent=270"}],"wp:term":[{"taxonomy":"product_brand","embeddable":true,"href":"https:\/\/locohdl.synology.me\/wordpress\/wp-json\/wp\/v2\/product_brand?post=270"},{"taxonomy":"product_cat","embeddable":true,"href":"https:\/\/locohdl.synology.me\/wordpress\/wp-json\/wp\/v2\/product_cat?post=270"},{"taxonomy":"product_tag","embeddable":true,"href":"https:\/\/locohdl.synology.me\/wordpress\/wp-json\/wp\/v2\/product_tag?post=270"}],"curies":[{"name":"wp","href":"https:\/\/api.w.org\/{rel}","templated":true}]}}