{"id":549,"date":"2022-01-09T16:41:15","date_gmt":"2022-01-09T15:41:15","guid":{"rendered":"https:\/\/locohdl.synology.me\/wordpress\/?post_type=product&#038;p=549"},"modified":"2022-01-09T16:45:01","modified_gmt":"2022-01-09T15:45:01","slug":"hdm10pcb-lococd-2","status":"publish","type":"product","link":"https:\/\/locohdl.synology.me\/wordpress\/fr\/product\/hdm10pcb-lococd-2\/","title":{"rendered":"HDM10PCB LocoCD"},"content":{"rendered":"","protected":false},"excerpt":{"rendered":"<p>HDM10 PCB comme module d&#8217;entr\u00e9e universel.<br \/>\nHDM10 PCB comme module de d\u00e9tection au sol.<\/p>\n<p>Toujours disponible mais non recommand\u00e9 comme capteur de courant pour les nouvelles voies ferr\u00e9es num\u00e9riques, le HDM14 est meilleur et moins cher.<\/p>\n","protected":false},"featured_media":550,"template":"","meta":[],"product_brand":[],"product_cat":[32],"product_tag":[],"class_list":{"0":"post-549","1":"product","2":"type-product","3":"status-publish","4":"has-post-thumbnail","6":"product_cat-modules-auxiliaires","8":"first","9":"instock","10":"shipping-taxable","11":"purchasable","12":"product-type-simple"},"_links":{"self":[{"href":"https:\/\/locohdl.synology.me\/wordpress\/wp-json\/wp\/v2\/product\/549","targetHints":{"allow":["GET"]}}],"collection":[{"href":"https:\/\/locohdl.synology.me\/wordpress\/wp-json\/wp\/v2\/product"}],"about":[{"href":"https:\/\/locohdl.synology.me\/wordpress\/wp-json\/wp\/v2\/types\/product"}],"wp:featuredmedia":[{"embeddable":true,"href":"https:\/\/locohdl.synology.me\/wordpress\/wp-json\/wp\/v2\/media\/550"}],"wp:attachment":[{"href":"https:\/\/locohdl.synology.me\/wordpress\/wp-json\/wp\/v2\/media?parent=549"}],"wp:term":[{"taxonomy":"product_brand","embeddable":true,"href":"https:\/\/locohdl.synology.me\/wordpress\/wp-json\/wp\/v2\/product_brand?post=549"},{"taxonomy":"product_cat","embeddable":true,"href":"https:\/\/locohdl.synology.me\/wordpress\/wp-json\/wp\/v2\/product_cat?post=549"},{"taxonomy":"product_tag","embeddable":true,"href":"https:\/\/locohdl.synology.me\/wordpress\/wp-json\/wp\/v2\/product_tag?post=549"}],"curies":[{"name":"wp","href":"https:\/\/api.w.org\/{rel}","templated":true}]}}