{"id":892,"date":"2022-12-19T10:55:56","date_gmt":"2022-12-19T09:55:56","guid":{"rendered":"https:\/\/locohdl.synology.me\/wordpress\/?post_type=product&#038;p=892"},"modified":"2022-12-19T10:56:58","modified_gmt":"2022-12-19T09:56:58","slug":"hdm800-start-set-a-4","status":"publish","type":"product","link":"https:\/\/locohdl.synology.me\/wordpress\/fr\/product\/hdm800-start-set-a-4\/","title":{"rendered":"HDM800 Start-set A"},"content":{"rendered":"","protected":false},"excerpt":{"rendered":"<p>L&#8217;ensemble se compose des \u00e9l\u00e9ments suivants :<br \/>\n\u2022 Mat\u00e9riel:<br \/>\no les modules LocoBuffer USB, LocoIO et LocoTest<br \/>\no une alimentation 12VDC<br \/>\no Deux c\u00e2bles RJ12 (c\u00e2ble LocoNet, c\u00e2ble I\/O)<br \/>\no USB-kabel<br \/>\n\u2022 Logiciel:<br \/>\no Le programme de configuration LocoHDL peut \u00eatre t\u00e9l\u00e9charg\u00e9 gratuitement sur le site Web.<\/p>\n","protected":false},"featured_media":893,"template":"","meta":[],"product_brand":[],"product_cat":[40],"product_tag":[],"class_list":{"0":"post-892","1":"product","2":"type-product","3":"status-publish","4":"has-post-thumbnail","6":"product_cat-loconet-modules-fr","8":"first","9":"instock","10":"shipping-taxable","11":"purchasable","12":"product-type-simple"},"_links":{"self":[{"href":"https:\/\/locohdl.synology.me\/wordpress\/wp-json\/wp\/v2\/product\/892","targetHints":{"allow":["GET"]}}],"collection":[{"href":"https:\/\/locohdl.synology.me\/wordpress\/wp-json\/wp\/v2\/product"}],"about":[{"href":"https:\/\/locohdl.synology.me\/wordpress\/wp-json\/wp\/v2\/types\/product"}],"wp:featuredmedia":[{"embeddable":true,"href":"https:\/\/locohdl.synology.me\/wordpress\/wp-json\/wp\/v2\/media\/893"}],"wp:attachment":[{"href":"https:\/\/locohdl.synology.me\/wordpress\/wp-json\/wp\/v2\/media?parent=892"}],"wp:term":[{"taxonomy":"product_brand","embeddable":true,"href":"https:\/\/locohdl.synology.me\/wordpress\/wp-json\/wp\/v2\/product_brand?post=892"},{"taxonomy":"product_cat","embeddable":true,"href":"https:\/\/locohdl.synology.me\/wordpress\/wp-json\/wp\/v2\/product_cat?post=892"},{"taxonomy":"product_tag","embeddable":true,"href":"https:\/\/locohdl.synology.me\/wordpress\/wp-json\/wp\/v2\/product_tag?post=892"}],"curies":[{"name":"wp","href":"https:\/\/api.w.org\/{rel}","templated":true}]}}